{"id":4818,"date":"2021-10-21T15:07:04","date_gmt":"2021-10-21T15:07:04","guid":{"rendered":"https:\/\/ramina.it\/?page_id=4818"},"modified":"2025-03-24T10:10:29","modified_gmt":"2025-03-24T10:10:29","slug":"privacy-policy","status":"publish","type":"page","link":"https:\/\/ramina.it\/it\/privacy-policy\/","title":{"rendered":"privacy policy"},"content":{"rendered":"\t\t<div data-elementor-type=\"wp-page\" data-elementor-id=\"4818\" class=\"elementor elementor-4818 elementor-3624\" data-elementor-post-type=\"page\">\n\t\t\t\t\t\t<section class=\"elementor-section elementor-top-section elementor-element elementor-element-04871bc elementor-section-boxed elementor-section-height-default elementor-section-height-default\" data-id=\"04871bc\" data-element_type=\"section\" data-e-type=\"section\">\n\t\t\t\t\t\t<div class=\"elementor-container elementor-column-gap-wide\">\n\t\t\t\t\t<div class=\"elementor-column elementor-col-100 elementor-top-column elementor-element elementor-element-a2c9e20\" data-id=\"a2c9e20\" data-element_type=\"column\" data-e-type=\"column\">\n\t\t\t<div class=\"elementor-widget-wrap elementor-element-populated\">\n\t\t\t\t\t\t<div class=\"elementor-element elementor-element-8d36bde elementor-widget elementor-widget-heading\" data-id=\"8d36bde\" data-element_type=\"widget\" data-e-type=\"widget\" data-widget_type=\"heading.default\">\n\t\t\t\t<div class=\"elementor-widget-container\">\n\t\t\t\t\t<h2 class=\"elementor-heading-title elementor-size-default\">Privacy Policy<\/h2>\t\t\t\t<\/div>\n\t\t\t\t<\/div>\n\t\t\t\t<div class=\"elementor-element elementor-element-f370e7b elementor-widget elementor-widget-text-editor\" data-id=\"f370e7b\" data-element_type=\"widget\" data-e-type=\"widget\" data-widget_type=\"text-editor.default\">\n\t\t\t\t<div class=\"elementor-widget-container\">\n\t\t\t\t\t\t\t\t\t<p>Documento informativo articolo 13 Reg. UE 2016\/679 &#8211; GDPR &#8211; Informativa per trattamento di dati personali raccolti presso l\u2019interessato<\/p><p>Nel rispetto di quanto previsto dal Reg. UE 2016\/679 (Regolamento Europeo per la protezione dei dati personali- GDPR) Le forniamo le dovute informazioni in ordine al trattamento dei dati personali. L\u2019 informativa \u00e8 resa ai sensi dell&#8217;art. 13 del GDPR e art. 130 codice privacy. L&#8217;informativa non \u00e8 da considerarsi valida per altri siti web eventualmente consultabili tramite link presenti sui siti internet a dominio del titolare, che non \u00e8 da considerarsi in alcun modo responsabile dei siti internet dei terzi.<br \/>Si tratta di un\u2019informativa che si ispira anche a quanto previsto dalla Direttiva 2002\/58\/CE, come aggiornata dalla\u00a0<a href=\"https:\/\/eur-lex.europa.eu\/LexUriServ\/LexUriServ.do?uri=OJ:L:2009:337:0011:0036:it:PDF\">Direttiva 2009\/136\/CE,<\/a>\u00a0in materia di Cookies, alle\u00a0<a href=\"https:\/\/www.garanteprivacy.it\/web\/guest\/home\/docweb\/-\/docweb-display\/docweb\/9677876\">Linee guida cookie e altri strumenti di tracciamento dell\u2019Autorit\u00e0 Garante per la protezione dei dati personali<\/a>\u00a0e\u00a0<a href=\"https:\/\/edpb.europa.eu\/sites\/default\/files\/files\/file1\/edpb_guidelines_202005_consent_en.pdf\">Linee Guida EDPB 05\/2020 sul consenso in base al GDPR<\/a>, adottate il 04.05.2020.<\/p><p class=\"p1\"><i>Dati personali trattabili<\/i><\/p><p class=\"p1\">DATO PERSONALE: Qualsiasi informazione riguardante una persona fisica identificata o identificabile (\u00abinteressato\u00bb); si considera identificabile la persona fisica che pu\u00f2 essere identificata, direttamente o indirettamente, con particolare riferimento a un identificativo come il nome, un numero di identificazione, dati relativi all\u2019ubicazione, un identificativo online o a uno o pi\u00f9 elementi caratteristici della sua identit\u00e0 fisica, fisiologica, genetica, psichica, economica, culturale o sociale; (C26, C27, C30).<\/p><p>DATI DI NAVIGAZIONE: I sistemi informatici e le procedure software preposte al funzionamento di questo sito web acquisiscono, nel corso del loro normale esercizio, alcuni dati personali la cui trasmissione \u00e8 implicita nell&#8217;uso dei protocolli di comunicazione di Internet. Si tratta di informazioni che non sono raccolte per essere associate a interessati identificati, ma che per loro stessa natura potrebbero, attraverso elaborazioni ed associazioni con dati detenuti da terzi, permettere di identificare gli utenti. In questa categoria di dati rientrano gli indirizzi IP o i nomi a dominio dei computer utilizzati dagli utenti che si connettono al sito, gli indirizzi in notazione URI (Uniform Resource Identifier) delle risorse richieste, l&#8217;orario della richiesta, il metodo utilizzato nel sottoporre la richiesta al server, la dimensione del file ottenuto in risposta, il codice numerico indicante lo stato della risposta data dal server (buon fine, errore, ecc.) ed altri parametri relativi al sistema operativo e all&#8217;ambiente informatico dell&#8217;utente<\/p><p>\u2022\u00a0Dati comunicati dall\u2019interessato:\u00a0L&#8217;invio facoltativo, esplicito e volontario di messaggi agli indirizzi di contatto indicati su questo sito e\/o la compilazione di form di raccolta dati comporta la successiva acquisizione dell&#8217;indirizzo del mittente, necessario per rispondere alle richieste, nonch\u00e9 degli eventuali altri dati personali inseriti<\/p><p>\u2022\u00a0Informative specifiche:\u00a0Informative specifiche potrebbero essere presentate nelle pagine del sito in relazione a particolari servizi o trattamenti dei dati forniti.<\/p><p><i>Cookies<\/i><i><\/i><\/p><p>Per maggiori informazioni sui cookies utilizzati dal presente sito web si veda la cookies policy.<\/p><p>1. TITOLARE DEL TRATTAMENTO, ai sensi degli artt. 4 e 24 del Reg. UE 2016\/679, \u00e8 RAMINA s.r.l., Via Regina Elena n.49, 35010, Grantorto (PD), P.IVA 03686970280, indirizzo e-mail\u00a0privacy@ramina.it nella persona del legale rappresentante pro-tempore.<\/p><p>2. FINALIT\u00c0 DEL TRATTAMENTO, BASE GIURIDICA, PERIODO DI CONSERVAZIONE DEI DATI E NATURA DEL CONFERIMENTO<\/p><p>NAVIGAZIONE SUL SITO WEB<b><\/b><\/p><ul><li>BASE GIURIDICA: legittimo interesse art. 6 lett. f) e considerando 47: il trattamento \u00e8 necessario per il perseguimento del legittimo interesse del titolare del trattamento o di terzi, a condizione che non prevalgano gli interessi o i diritti e le libert\u00e0 fondamentali dell\u2019interessato che richiedono la protezione dei dati personali, tenuto conto delle ragionevoli aspettative nutrite dall\u2019interessato in base alla sua relazione con il titolare del trattamento. Attivit\u00e0 strettamente necessarie al funzionamento del sito e all\u2019erogazione del servizio di navigazione sulla piattaforma.<\/li><li>PERIODO CONSERVAZIONE DATI: fino alla durata della sessione di navigazione. Per navigazione si veda la cookie policy<\/li><li>NATURA DEL CONFERIMENTO: ad eccezione di quanto specificato per i dati di navigazione (i quali sono necessari al fine di permettere la navigazione del sito web), l\u2019utente \u00e8 libero di fornire i dati personali.<\/li><\/ul><p>\u00a0<\/p><p>EVENTUALE COMPILAZIONE FORM RACCOLTA DATI PER CONTATTI (AREA CONTATTI)<b><\/b><\/p><ul><li>BASE GIURIDICA:\u00a0in base alla esecuzione di misure precontrattuali adottate anche su richiesta dell\u2019interessato (C44) art. 6 par. 1 lett. b) del GDPR.\u00a0<\/li><li>PERIODO CONSERVAZIONE DATI:\u00a01 anno<\/li><li>NATURA DEL CONFERIMENTO:\u00a0il conferimento dei dati \u00e8 facoltativo o necessario a seconda della specifica finalit\u00e0 per la quale il dato viene trattato. Il mancato conferimento dei dati contrassegnati con il simbolo* o dicitura (richiesto), comporter\u00e0 l\u2019impossibilit\u00e0 di ottenere quanto richiesto o di usufruire dei servizi del titolare del trattamento.<\/li><\/ul><p>\u00a0<\/p><p>SELEZIONE DEL PERSONALE IN AREA LAVORA CON NOI<\/p><p>Al fine di candidarsi per selezioni del personale, svolgimento dell&#8217;attivit\u00e0 di ricerca e selezione del personale al fine dell\u2019eventuale instaurazione di un rapporto di lavoro, anche per eventuali posizioni differenti rispetto a quelle per le quali l\u2019interessato si \u00e8 candidato spontaneamente; conservazione dei dati personali anche per future selezioni; colloqui ed eventuali video-colloqui (trattamento dati anche di immagine\/audio).Per le altre finalit\u00e0 correlate alla selezione, si rimanda a informativa specifica in area dedicata ove presente nel sito.\u00a0<\/p><ul><li>BASE GIURIDICA:\u00a0Il trattamento \u00e8 necessario all&#8217;esecuzione di un contratto di cui l&#8217;interessato \u00e8 parte o all&#8217;esecuzione di misure precontrattuali adottate su richiesta dello stesso; (C44) art. 6 par. 1 lett. b) del GDPR. Per le altre finalit\u00e0 correlate alla selezione, si rimanda a informativa specifica in area dedicata ove presente nel sito.\u00a0<\/li><li>PERIODO CONSERVAZIONE DATI:\u00a0Il periodo di conservazione \u00e8 di massimo 12 mesi. In linea di principio, i dati raccolti durante il processo di assunzione verranno cancellati non appena evidente che non verr\u00e0 fatta alcuna offerta di impiego o che l&#8217;offerta non sar\u00e0 accettata dal candidato. Per le altre finalit\u00e0 correlate alla selezione, si rimanda a informativa specifica in area dedicata ove presente nel sito.\u00a0<\/li><li>NATURA DEL CONFERIMENTO:\u00a0il conferimento dei dati \u00e8 facoltativo o necessario a seconda della specifica finalit\u00e0 per la quale il dato viene trattato. Il mancato conferimento dei dati contrassegnati con il simbolo* o dicitura (richiesto), comporter\u00e0 l\u2019impossibilit\u00e0 di ottenere quanto richiesto o di usufruire dei servizi del titolare del trattamento. . Per le altre finalit\u00e0 correlate alla selezione, si rimanda a informativa specifica in area dedicata ove presente nel sito.<\/li><\/ul><p>\u00a0<\/p><p>INVIO SPONTANEO MAIL agli indirizzi presenti nel sito: per rispondere a richieste specifiche di informazioni inviate spontaneamente agli indirizzi mail presenti nel sito<\/p><p>GESTIONE DELLE RICHIESTE DI ESERCIZIO DEI DIRITTI DEGLI INTERESSATI, ai sensi art. 15 e ss del GDPR (diritti dell\u2019interessato)<\/p><ul><li>BASE GIURIDICA:\u00a0Il trattamento \u00e8 necessario per adempiere un obbligo legale al quale \u00e8 soggetto il titolare del trattamento (C45) Art. 6 par. 1 lett. c) del GDPR<span class=\"Apple-converted-space\">\u00a0<\/span><\/li><li>PERIODO CONSERVAZIONE DATI:\u00a0Il periodo di conservazione \u00e8 di 5 anni dalla chiusura della richiesta, salvo contenziosi.<\/li><li>NATURA DEL CONFERIMENTO:\u00a0Il conferimento dei dati personali \u00e8 obbligatorio, in quanto indispensabile per poter dare esecuzione agli obblighi di Legge.<\/li><\/ul><p>\u00a0<\/p><p>3. DESTINATARI O CATEGORIE DI DESTINATARI DEI DATI<br \/>I dati di natura personale forniti saranno comunicati a destinatari, che tratteranno i dati in qualit\u00e0 di responsabili (art. 28 del Reg. UE 2016\/679) e\/o in qualit\u00e0 di persone fisiche che agiscono sotto l\u2019autorit\u00e0 del Titolare e del Responsabile (art. 29 del Reg. UE 2016\/679), per le finalit\u00e0 sopra elencate al punto 2.<span class=\"Apple-converted-space\">\u00a0<\/span><\/p><p>Precisamente, i dati saranno comunicati a<span class=\"Apple-converted-space\">\u00a0<\/span><\/p><p>&#8211; soggetti che forniscono servizi per il sito web e delle reti di comunicazione, ivi comprese posta elettronica, host, gestione sito internet, piattaforme e CLOUD, gestionali;<\/p><p>&#8211; per area lavora con noi, oltre al personale interno addetto a tale mansione, anche a soggetti per la gestione di attivit\u00e0 di selezione e piattaforme dedicate;<\/p><p>-autorit\u00e0 competenti per adempimenti di obblighi di leggi e\/o di disposizioni di organi pubblici, su richiesta.<span class=\"Apple-converted-space\">\u00a0<\/span><\/p><p>I soggetti appartenenti alle categorie suddette svolgono la funzione di Responsabile del trattamento dei dati, oppure operano in totale autonomia come distinti Titolari del trattamento. L\u2019elenco dei Responsabili del trattamento \u00e8 costantemente aggiornato e disponibile scrivendo a privacy@ramina.it<\/p><p>4<b>. <\/b>TRASFERIMENTO DATI FUORI DALL\u2019UNIONE EUROPEA<\/p><p>I dati personali non saranno trasferiti in Paesi Extra SEE.<\/p><p>5. PROCESSO AUTOMATIZZATO<b><\/b><\/p><p>Non vengono utilizzati processi decisionali basati su elaborazioni automatiche, inclusa la profilazione.<\/p><p>6. DIRITTI DEGLI INTERESSATI<b><\/b><\/p><p>Lei potr\u00e0 far valere i propri diritti come espressi dagli artt. 15, 16, 17, 18, 19, 20, 21 del Regolamento UE 2016\/679, rivolgendosi all\u2019indirizzo privacy@ramina.it Lei ha il diritto, in qualunque momento, di chiedere al Titolare del trattamento l\u2019accesso ai Suoi dati personali, la rettifica, la cancellazione degli stessi, la limitazione del trattamento e la portabilit\u00e0 dei suoi dati, nel caso. Inoltre, ha il diritto di opporsi, in qualsiasi momento, al trattamento dei suoi dati basato sul consenso e\/o sul legittimo interesse. \u00a0\u00a0Fatto salvo ogni altro ricorso amministrativo e giurisdizionale, se ritiene che il trattamento dei dati che la riguardano, violi quanto previsto dal Reg. UE 2016\/679, ai sensi dell\u2019art. 15 lettera f) del succitato Reg. UE 2016\/679, Lei ha il diritto di proporre reclamo al Garante per la protezione dei dati personali (Autorit\u00e0 di controllo\u00a0<a href=\"https:\/\/www.garanteprivacy.it\/\">www.garanteprivacy.it<\/a>).<\/p><p>\u00a0<\/p><p>\u00a0<i>Data di aggiornamento 21.03.2025<\/i><\/p>\t\t\t\t\t\t\t\t<\/div>\n\t\t\t\t<\/div>\n\t\t\t\t<div class=\"elementor-element elementor-element-d241562 elementor-align-right elementor-widget elementor-widget-button\" data-id=\"d241562\" data-element_type=\"widget\" data-e-type=\"widget\" data-widget_type=\"button.default\">\n\t\t\t\t<div class=\"elementor-widget-container\">\n\t\t\t\t\t\t\t\t\t<div class=\"elementor-button-wrapper\">\n\t\t\t\t\t<a class=\"elementor-button elementor-button-link elementor-size-sm\" href=\"https:\/\/ramina.it\/it\/\">\n\t\t\t\t\t\t<span class=\"elementor-button-content-wrapper\">\n\t\t\t\t\t\t\t\t\t<span class=\"elementor-button-text\">HOME<\/span>\n\t\t\t\t\t<\/span>\n\t\t\t\t\t<\/a>\n\t\t\t\t<\/div>\n\t\t\t\t\t\t\t\t<\/div>\n\t\t\t\t<\/div>\n\t\t\t\t\t<\/div>\n\t\t<\/div>\n\t\t\t\t\t<\/div>\n\t\t<\/section>\n\t\t\t\t<\/div>\n\t\t","protected":false},"excerpt":{"rendered":"<p>Privacy Policy Documento informativo articolo 13 Reg. UE 2016\/679 &#8211; GDPR &#8211; Informativa per trattamento di dati personali raccolti presso l\u2019interessato Nel rispetto di quanto previsto dal Reg. UE 2016\/679 (Regolamento Europeo per la protezione dei dati personali- GDPR) Le forniamo le dovute informazioni in ordine al trattamento dei dati personali. L\u2019 informativa \u00e8 resa [&hellip;]<\/p>\n","protected":false},"author":4,"featured_media":0,"parent":0,"menu_order":0,"comment_status":"closed","ping_status":"closed","template":"elementor_canvas","meta":{"_acf_changed":false,"footnotes":""},"class_list":["post-4818","page","type-page","status-publish","hentry"],"acf":[],"yoast_head":"<!-- This site is optimized with the Yoast SEO plugin v27.1.1 - https:\/\/yoast.com\/product\/yoast-seo-wordpress\/ -->\n<title>privacy policy - ramina.it<\/title>\n<meta name=\"robots\" content=\"noindex, nofollow\" \/>\n<meta property=\"og:locale\" content=\"it_IT\" \/>\n<meta property=\"og:type\" content=\"article\" \/>\n<meta property=\"og:title\" content=\"privacy policy - ramina.it\" \/>\n<meta property=\"og:description\" content=\"Privacy Policy Documento informativo articolo 13 Reg. UE 2016\/679 &#8211; GDPR &#8211; Informativa per trattamento di dati personali raccolti presso l\u2019interessato Nel rispetto di quanto previsto dal Reg. UE 2016\/679 (Regolamento Europeo per la protezione dei dati personali- GDPR) Le forniamo le dovute informazioni in ordine al trattamento dei dati personali. L\u2019 informativa \u00e8 resa [&hellip;]\" \/>\n<meta property=\"og:url\" content=\"https:\/\/ramina.it\/it\/privacy-policy\/\" \/>\n<meta property=\"og:site_name\" content=\"ramina.it\" \/>\n<meta property=\"article:modified_time\" content=\"2025-03-24T10:10:29+00:00\" \/>\n<meta name=\"twitter:card\" content=\"summary_large_image\" \/>\n<meta name=\"twitter:label1\" content=\"Tempo di lettura stimato\" \/>\n\t<meta name=\"twitter:data1\" content=\"8 minuti\" \/>\n<script type=\"application\/ld+json\" class=\"yoast-schema-graph\">{\"@context\":\"https:\/\/schema.org\",\"@graph\":[{\"@type\":\"WebPage\",\"@id\":\"https:\/\/ramina.it\/it\/privacy-policy\/\",\"url\":\"https:\/\/ramina.it\/it\/privacy-policy\/\",\"name\":\"privacy policy - ramina.it\",\"isPartOf\":{\"@id\":\"https:\/\/ramina.it\/it\/#website\"},\"datePublished\":\"2021-10-21T15:07:04+00:00\",\"dateModified\":\"2025-03-24T10:10:29+00:00\",\"breadcrumb\":{\"@id\":\"https:\/\/ramina.it\/it\/privacy-policy\/#breadcrumb\"},\"inLanguage\":\"it-IT\",\"potentialAction\":[{\"@type\":\"ReadAction\",\"target\":[\"https:\/\/ramina.it\/it\/privacy-policy\/\"]}]},{\"@type\":\"BreadcrumbList\",\"@id\":\"https:\/\/ramina.it\/it\/privacy-policy\/#breadcrumb\",\"itemListElement\":[{\"@type\":\"ListItem\",\"position\":1,\"name\":\"Home\",\"item\":\"https:\/\/ramina.it\/it\/\"},{\"@type\":\"ListItem\",\"position\":2,\"name\":\"privacy policy\"}]},{\"@type\":\"WebSite\",\"@id\":\"https:\/\/ramina.it\/it\/#website\",\"url\":\"https:\/\/ramina.it\/it\/\",\"name\":\"ramina.it\",\"description\":\"Ramina is one of the fastest growing manufacturers of turn-key plants and machines for the nonwovens industry.\",\"publisher\":{\"@id\":\"https:\/\/ramina.it\/it\/#organization\"},\"potentialAction\":[{\"@type\":\"SearchAction\",\"target\":{\"@type\":\"EntryPoint\",\"urlTemplate\":\"https:\/\/ramina.it\/it\/?s={search_term_string}\"},\"query-input\":{\"@type\":\"PropertyValueSpecification\",\"valueRequired\":true,\"valueName\":\"search_term_string\"}}],\"inLanguage\":\"it-IT\"},{\"@type\":\"Organization\",\"@id\":\"https:\/\/ramina.it\/it\/#organization\",\"name\":\"ramina.it\",\"url\":\"https:\/\/ramina.it\/it\/\",\"logo\":{\"@type\":\"ImageObject\",\"inLanguage\":\"it-IT\",\"@id\":\"https:\/\/ramina.it\/it\/#\/schema\/logo\/image\/\",\"url\":\"https:\/\/ramina.it\/wp-content\/uploads\/2021\/09\/Logo-Ramina-white@2x.png\",\"contentUrl\":\"https:\/\/ramina.it\/wp-content\/uploads\/2021\/09\/Logo-Ramina-white@2x.png\",\"width\":875,\"height\":239,\"caption\":\"ramina.it\"},\"image\":{\"@id\":\"https:\/\/ramina.it\/it\/#\/schema\/logo\/image\/\"}}]}<\/script>\n<!-- \/ Yoast SEO plugin. -->","yoast_head_json":{"title":"privacy policy - ramina.it","robots":{"index":"noindex","follow":"nofollow"},"og_locale":"it_IT","og_type":"article","og_title":"privacy policy - ramina.it","og_description":"Privacy Policy Documento informativo articolo 13 Reg. UE 2016\/679 &#8211; GDPR &#8211; Informativa per trattamento di dati personali raccolti presso l\u2019interessato Nel rispetto di quanto previsto dal Reg. UE 2016\/679 (Regolamento Europeo per la protezione dei dati personali- GDPR) Le forniamo le dovute informazioni in ordine al trattamento dei dati personali. L\u2019 informativa \u00e8 resa [&hellip;]","og_url":"https:\/\/ramina.it\/it\/privacy-policy\/","og_site_name":"ramina.it","article_modified_time":"2025-03-24T10:10:29+00:00","twitter_card":"summary_large_image","twitter_misc":{"Tempo di lettura stimato":"8 minuti"},"schema":{"@context":"https:\/\/schema.org","@graph":[{"@type":"WebPage","@id":"https:\/\/ramina.it\/it\/privacy-policy\/","url":"https:\/\/ramina.it\/it\/privacy-policy\/","name":"privacy policy - ramina.it","isPartOf":{"@id":"https:\/\/ramina.it\/it\/#website"},"datePublished":"2021-10-21T15:07:04+00:00","dateModified":"2025-03-24T10:10:29+00:00","breadcrumb":{"@id":"https:\/\/ramina.it\/it\/privacy-policy\/#breadcrumb"},"inLanguage":"it-IT","potentialAction":[{"@type":"ReadAction","target":["https:\/\/ramina.it\/it\/privacy-policy\/"]}]},{"@type":"BreadcrumbList","@id":"https:\/\/ramina.it\/it\/privacy-policy\/#breadcrumb","itemListElement":[{"@type":"ListItem","position":1,"name":"Home","item":"https:\/\/ramina.it\/it\/"},{"@type":"ListItem","position":2,"name":"privacy policy"}]},{"@type":"WebSite","@id":"https:\/\/ramina.it\/it\/#website","url":"https:\/\/ramina.it\/it\/","name":"ramina.it","description":"Ramina is one of the fastest growing manufacturers of turn-key plants and machines for the nonwovens industry.","publisher":{"@id":"https:\/\/ramina.it\/it\/#organization"},"potentialAction":[{"@type":"SearchAction","target":{"@type":"EntryPoint","urlTemplate":"https:\/\/ramina.it\/it\/?s={search_term_string}"},"query-input":{"@type":"PropertyValueSpecification","valueRequired":true,"valueName":"search_term_string"}}],"inLanguage":"it-IT"},{"@type":"Organization","@id":"https:\/\/ramina.it\/it\/#organization","name":"ramina.it","url":"https:\/\/ramina.it\/it\/","logo":{"@type":"ImageObject","inLanguage":"it-IT","@id":"https:\/\/ramina.it\/it\/#\/schema\/logo\/image\/","url":"https:\/\/ramina.it\/wp-content\/uploads\/2021\/09\/Logo-Ramina-white@2x.png","contentUrl":"https:\/\/ramina.it\/wp-content\/uploads\/2021\/09\/Logo-Ramina-white@2x.png","width":875,"height":239,"caption":"ramina.it"},"image":{"@id":"https:\/\/ramina.it\/it\/#\/schema\/logo\/image\/"}}]}},"_links":{"self":[{"href":"https:\/\/ramina.it\/it\/wp-json\/wp\/v2\/pages\/4818","targetHints":{"allow":["GET"]}}],"collection":[{"href":"https:\/\/ramina.it\/it\/wp-json\/wp\/v2\/pages"}],"about":[{"href":"https:\/\/ramina.it\/it\/wp-json\/wp\/v2\/types\/page"}],"author":[{"embeddable":true,"href":"https:\/\/ramina.it\/it\/wp-json\/wp\/v2\/users\/4"}],"replies":[{"embeddable":true,"href":"https:\/\/ramina.it\/it\/wp-json\/wp\/v2\/comments?post=4818"}],"version-history":[{"count":43,"href":"https:\/\/ramina.it\/it\/wp-json\/wp\/v2\/pages\/4818\/revisions"}],"predecessor-version":[{"id":6724,"href":"https:\/\/ramina.it\/it\/wp-json\/wp\/v2\/pages\/4818\/revisions\/6724"}],"wp:attachment":[{"href":"https:\/\/ramina.it\/it\/wp-json\/wp\/v2\/media?parent=4818"}],"curies":[{"name":"wp","href":"https:\/\/api.w.org\/{rel}","templated":true}]}}